{"id":440,"date":"2018-02-07T17:01:33","date_gmt":"2018-02-07T21:01:33","guid":{"rendered":"http:\/\/gplalibertad.gob.ec\/carchi\/?page_id=440"},"modified":"2018-02-07T17:01:33","modified_gmt":"2018-02-07T21:01:33","slug":"fases","status":"publish","type":"page","link":"https:\/\/gplalibertad.gob.ec\/carchi\/fases\/","title":{"rendered":"Fases"},"content":{"rendered":"[vc_row][vc_column][vc_accordion collapsible=\u00bb\u00bb disable_keyboard=\u00bb\u00bb][vc_accordion_tab title=\u00bbFASES DE LA RENDICION DE CUENTAS\u00bb][vc_wp_text]Click en la fase a consultar<\/p>\n[\/vc_wp_text][\/vc_accordion_tab][vc_accordion_tab title=\u00bbFase 1&#8243;][vc_wp_text]\n<h3>FASE 1:<\/h3>\n<ul>\n<li>\n<h3>Mapeo de actores<\/h3>\n<\/li>\n<\/ul>\n<p>&nbsp;<\/p>\n<ul>\n<li>\n<h3>Consulta<\/h3>\n<\/li>\n<\/ul>\n<p>&nbsp;<\/p>\n<ul>\n<li>\n<h3>Entrega de temas al GAD<\/h3>\n<\/li>\n<\/ul>\n<p>&nbsp;<\/p>\n[\/vc_wp_text][\/vc_accordion_tab][vc_accordion_tab title=\u00bbFase 2&#8243;][vc_wp_text]\n<h3>FASE 2:<\/h3>\n<ul>\n<li>\n<h3>Seguimiento a la entrega del informe a la ciudadan\u00eda<\/h3>\n<\/li>\n<\/ul>\n<p>&nbsp;<\/p>\n[\/vc_wp_text][\/vc_accordion_tab][vc_accordion_tab title=\u00bbFase 3&#8243;][vc_wp_text]\n<h3>FASE 3:<\/h3>\n<ul>\n<li>\n<h3>Evaluaci\u00f3n ciudadana al informe de rendici\u00f3n de cuentas<\/h3>\n<\/li>\n<\/ul>\n<p>&nbsp;<\/p>\n<ul>\n<li>\n<h3>Seguimiento al proceso de convocatoria a la deliberaci\u00f3n p\u00fablica<\/h3>\n<\/li>\n<\/ul>\n<p>&nbsp;<\/p>\n<ul>\n<li>\n<h3>Participaci\u00f3n en la deliberaci\u00f3n p\u00fablica<\/h3>\n<\/li>\n<\/ul>\n<p>&nbsp;<\/p>\n<ul>\n<li>\n<h3>Mesas de Trabajo<\/h3>\n<\/li>\n<\/ul>\n[\/vc_wp_text][\/vc_accordion_tab][vc_accordion_tab title=\u00bbFase 4&#8243;][vc_wp_text]\n<h3>FASE 4:<\/h3>\n<ul>\n<li>\n<h3>Seguimiento a la incorporaci\u00f3n de la opini\u00f3n ciudadana<\/h3>\n<\/li>\n<\/ul>\n<p>&nbsp;<\/p>\n[\/vc_wp_text][\/vc_accordion_tab][\/vc_accordion][vc_column_text][\/vc_column_text][\/vc_column][\/vc_row]\n","protected":false},"excerpt":{"rendered":"<p>[vc_row][vc_column][vc_accordion collapsible=\u00bb\u00bb disable_keyboard=\u00bb\u00bb][vc_accordion_tab title=\u00bbFASES DE LA RENDICION DE CUENTAS\u00bb][vc_wp_text]Click en la fase a consultar [\/vc_wp_text][\/vc_accordion_tab][vc_accordion_tab title=\u00bbFase 1&#8243;][vc_wp_text] FASE 1: Mapeo de actores &nbsp; Consulta &nbsp; Entrega de temas al GAD &nbsp; [\/vc_wp_text][\/vc_accordion_tab][vc_accordion_tab title=\u00bbFase 2&#8243;][vc_wp_text] FASE 2: Seguimiento a la entrega del informe a la ciudadan\u00eda &nbsp; [\/vc_wp_text][\/vc_accordion_tab][vc_accordion_tab title=\u00bbFase 3&#8243;][vc_wp_text] FASE 3: Evaluaci\u00f3n ciudadana al informe [&hellip;]<\/p>\n","protected":false},"author":4,"featured_media":0,"parent":0,"menu_order":0,"comment_status":"closed","ping_status":"closed","template":"","meta":{"footnotes":""},"yst_prominent_words":[108,107,114,111,115,103,112,106,113,116,110,109,104,102,105],"class_list":["post-440","page","type-page","status-publish","hentry"],"_links":{"self":[{"href":"https:\/\/gplalibertad.gob.ec\/carchi\/wp-json\/wp\/v2\/pages\/440","targetHints":{"allow":["GET"]}}],"collection":[{"href":"https:\/\/gplalibertad.gob.ec\/carchi\/wp-json\/wp\/v2\/pages"}],"about":[{"href":"https:\/\/gplalibertad.gob.ec\/carchi\/wp-json\/wp\/v2\/types\/page"}],"author":[{"embeddable":true,"href":"https:\/\/gplalibertad.gob.ec\/carchi\/wp-json\/wp\/v2\/users\/4"}],"replies":[{"embeddable":true,"href":"https:\/\/gplalibertad.gob.ec\/carchi\/wp-json\/wp\/v2\/comments?post=440"}],"version-history":[{"count":1,"href":"https:\/\/gplalibertad.gob.ec\/carchi\/wp-json\/wp\/v2\/pages\/440\/revisions"}],"predecessor-version":[{"id":441,"href":"https:\/\/gplalibertad.gob.ec\/carchi\/wp-json\/wp\/v2\/pages\/440\/revisions\/441"}],"wp:attachment":[{"href":"https:\/\/gplalibertad.gob.ec\/carchi\/wp-json\/wp\/v2\/media?parent=440"}],"wp:term":[{"taxonomy":"yst_prominent_words","embeddable":true,"href":"https:\/\/gplalibertad.gob.ec\/carchi\/wp-json\/wp\/v2\/yst_prominent_words?post=440"}],"curies":[{"name":"wp","href":"https:\/\/api.w.org\/{rel}","templated":true}]}}